{"id":168,"date":"2023-02-12T18:28:51","date_gmt":"2023-02-12T18:28:51","guid":{"rendered":"https:\/\/heritagecinemas.eu\/heritage-cinemas-of-europe\/"},"modified":"2023-06-17T20:19:33","modified_gmt":"2023-06-17T20:19:33","slug":"heritage-cinemas-of-europe","status":"publish","type":"page","link":"https:\/\/heritagecinemas.eu\/ro\/","title":{"rendered":"Heritage Cinemas of Europe"},"content":{"rendered":"\n<div class=\"wp-block-columns is-layout-flex wp-container-core-columns-is-layout-9d6595d7 wp-block-columns-is-layout-flex\">\n<div class=\"wp-block-column is-layout-flow wp-block-column-is-layout-flow\">\n<h2 class=\"wp-block-heading\">Conect\u0103m cinematografele de patrimoniu din Europa!<\/h2>\n<\/div>\n\n\n\n<div class=\"wp-block-column is-layout-flow wp-block-column-is-layout-flow\">\n<p>Proiectul \u201cConnecting the Heritage Cinemas of Europe!\u201d aduce laolalt\u0103 patru cinematografe de art\u0103 din Europa &#8211; Cinema Arta din Cluj-Napoca, Rom\u00e2nia, Cinema Splendid Place din Riga, Letonia, Cinema Nuovo Eden din Brescia, Italia \u0219i Mestni kino Ptuj din Ptuj, Slovenia &#8211; cu scopul de a promova istoria lor, valoarea lor cultural \u0219i importan\u021ba lor pentru comunitatea european\u0103 a cinematografelor de patrimoniu, de la \u00eenceputuri \u0219i p\u00e2n\u0103 \u00een ziua de azi.<\/p>\n\n\n\n<p>Parte din acest proiect, vrem s\u0103 cre\u0103m o re\u021bea de cinematografe de patrimoniu din toat\u0103 Europa \u0219i s\u0103 le expunem pe website-ul nostru. Dac\u0103 a\u021bi dori ca cinematograful dvs. s\u0103 fie inclus, folosi\u021bi pagina <a rel=\"noreferrer noopener\" href=\"https:\/\/heritagecinemas.eu\/ro\/devino-partener\/\" target=\"_blank\"><strong>Become a partner<\/strong><\/a> pentru a aplica.<\/p>\n\n\n\n<p class=\"has-small-font-size\">Proiect cofinan\u021bat de EUROPA CINEMAS, CREATIVE EUROPE\/MEDIA SUB-PROGRAMME \u0219i COLLABORATE TO INNOVATE.<\/p>\n<\/div>\n<\/div>\n\n\n\n<h2 class=\"wp-block-heading\" id=\"cinemas\">Re\u021beaua noastr\u0103 de cinema-uri<\/h2>\n\n\n<div class='columns'>\n\t<article class=\"tease tease-cinema aspect-ratio\" id=\"tease-170\">\n\t<div class='tease-cinema__info'>\n\t\t<p class='tease-cinema__title'>\n\t\t\t<a href=\"https:\/\/heritagecinemas.eu\/ro\/cinemas\/cinema-arta\/\">Cinema ARTA<\/a>\n\t\t<\/p>\n\t\t<p class='tease-cinema__location'>\n\t\t\tCluj-Napoca, Rom\u00e2nia\n\t\t<\/p>\n\t<\/div>\n\t\t<div class='tease-cinema__image duotone'>\n\t\t\t\t<img src='https:\/\/heritagecinemas.eu\/wp-content\/uploads\/2022\/12\/Rectangle-3-800x600-c-default.jpg' >\n\t\t<img src='https:\/\/heritagecinemas.eu\/wp-content\/uploads\/2022\/12\/Rectangle-3-800x600-c-default.jpg' class='duotone-applied' >\n\t<\/article>\t<article class=\"tease tease-cinema aspect-ratio\" id=\"tease-171\">\n\t<div class='tease-cinema__info'>\n\t\t<p class='tease-cinema__title'>\n\t\t\t<a href=\"https:\/\/heritagecinemas.eu\/ro\/cinemas\/cinema-nuovo-eden\/\">Cinema Nuovo Eden<\/a>\n\t\t<\/p>\n\t\t<p class='tease-cinema__location'>\n\t\t\tBrescia, Italia\n\t\t<\/p>\n\t<\/div>\n\t\t<div class='tease-cinema__image duotone'>\n\t\t\t\t<img src='https:\/\/heritagecinemas.eu\/wp-content\/uploads\/2023\/03\/IMG_0315_def-800x600-c-default.jpg' >\n\t\t<img src='https:\/\/heritagecinemas.eu\/wp-content\/uploads\/2023\/03\/IMG_0315_def-800x600-c-default.jpg' class='duotone-applied' >\n\t<\/article>\t<article class=\"tease tease-cinema aspect-ratio\" id=\"tease-172\">\n\t<div class='tease-cinema__info'>\n\t\t<p class='tease-cinema__title'>\n\t\t\t<a href=\"https:\/\/heritagecinemas.eu\/ro\/cinemas\/ptuj-city-cinema\/\">Ptuj City Cinema<\/a>\n\t\t<\/p>\n\t\t<p class='tease-cinema__location'>\n\t\t\tPtuj, Slovenia\n\t\t<\/p>\n\t<\/div>\n\t\t<div class='tease-cinema__image duotone'>\n\t\t\t\t<img src='https:\/\/heritagecinemas.eu\/wp-content\/uploads\/2023\/03\/mestni-kino-ptuj-01-scaled-800x600-c-default.jpg' >\n\t\t<img src='https:\/\/heritagecinemas.eu\/wp-content\/uploads\/2023\/03\/mestni-kino-ptuj-01-scaled-800x600-c-default.jpg' class='duotone-applied' >\n\t<\/article>\t<article class=\"tease tease-cinema aspect-ratio\" id=\"tease-173\">\n\t<div class='tease-cinema__info'>\n\t\t<p class='tease-cinema__title'>\n\t\t\t<a href=\"https:\/\/heritagecinemas.eu\/ro\/cinemas\/splendid-palace\/\">Splendid Palace<\/a>\n\t\t<\/p>\n\t\t<p class='tease-cinema__location'>\n\t\t\tRiga, Letonia\n\t\t<\/p>\n\t<\/div>\n\t\t<div class='tease-cinema__image duotone'>\n\t\t\t\t<img src='https:\/\/heritagecinemas.eu\/wp-content\/uploads\/2023\/03\/Rectangle-3-800x600-c-default.jpg' >\n\t\t<img src='https:\/\/heritagecinemas.eu\/wp-content\/uploads\/2023\/03\/Rectangle-3-800x600-c-default.jpg' class='duotone-applied' >\n\t<\/article><\/div>\n\n\n\n<h2 class=\"wp-block-heading\" id=\"map\">Harta cinema-urilor<\/h2>\n\n\n<div id='cinema-map' class='seamless'><\/div>\n\n<script type='text\/javascript'>\n\tconst HC_MAP_CONFIG = {\n\t\tMAPBOX_TOKEN: \"pk.eyJ1IjoiZGFuYnVyem8iLCJhIjoiaktJR2NLZyJ9.lUkEtRpfz3eq4rfx3plekw\",\n\t\tMAPBOX_STYLE: \"mapbox:\/\/styles\/danburzo\/clemweza2000k01mr0y9mygpz\",\n\t\tID_CONTAINER: 'cinema-map',\n\t\tCLASSNAME_POPUP: 'cinema-map-popup',\n\t\tMARKER_COLOR: 'var(--c-black)',\n\t\tMARKER_OFFSET: 25,\n\t\tPOPUP_MAX_WIDTH: 500\n\t};\n<\/script>\n\n\n","protected":false},"excerpt":{"rendered":"<p>Conect\u0103m cinematografele de patrimoniu din Europa! Proiectul \u201cConnecting the Heritage Cinemas of Europe!\u201d aduce laolalt\u0103 patru cinematografe de art\u0103 din Europa &#8211; Cinema Arta din Cluj-Napoca, Rom\u00e2nia, Cinema Splendid Place din Riga, Letonia, Cinema Nuovo Eden din Brescia, Italia \u0219i Mestni kino Ptuj din Ptuj, Slovenia &#8211; cu scopul de a promova istoria lor, valoarea [&hellip;]<\/p>\n","protected":false},"author":1,"featured_media":151,"parent":0,"menu_order":0,"comment_status":"closed","ping_status":"closed","template":"","meta":{"inline_featured_image":false,"footnotes":""},"class_list":["post-168","page","type-page","status-publish","has-post-thumbnail","hentry"],"acf":[],"_links":{"self":[{"href":"https:\/\/heritagecinemas.eu\/ro\/wp-json\/wp\/v2\/pages\/168","targetHints":{"allow":["GET"]}}],"collection":[{"href":"https:\/\/heritagecinemas.eu\/ro\/wp-json\/wp\/v2\/pages"}],"about":[{"href":"https:\/\/heritagecinemas.eu\/ro\/wp-json\/wp\/v2\/types\/page"}],"author":[{"embeddable":true,"href":"https:\/\/heritagecinemas.eu\/ro\/wp-json\/wp\/v2\/users\/1"}],"replies":[{"embeddable":true,"href":"https:\/\/heritagecinemas.eu\/ro\/wp-json\/wp\/v2\/comments?post=168"}],"version-history":[{"count":1,"href":"https:\/\/heritagecinemas.eu\/ro\/wp-json\/wp\/v2\/pages\/168\/revisions"}],"predecessor-version":[{"id":169,"href":"https:\/\/heritagecinemas.eu\/ro\/wp-json\/wp\/v2\/pages\/168\/revisions\/169"}],"wp:featuredmedia":[{"embeddable":true,"href":"https:\/\/heritagecinemas.eu\/ro\/wp-json\/wp\/v2\/media\/151"}],"wp:attachment":[{"href":"https:\/\/heritagecinemas.eu\/ro\/wp-json\/wp\/v2\/media?parent=168"}],"curies":[{"name":"wp","href":"https:\/\/api.w.org\/{rel}","templated":true}]}}