{"id":174,"date":"2023-02-08T16:16:12","date_gmt":"2023-02-08T16:16:12","guid":{"rendered":"https:\/\/heritagecinemas.eu\/devino-partener\/"},"modified":"2023-02-08T16:16:12","modified_gmt":"2023-02-08T16:16:12","slug":"devino-partener","status":"publish","type":"page","link":"https:\/\/heritagecinemas.eu\/ro\/devino-partener\/","title":{"rendered":"Devino partener"},"content":{"rendered":"\n<div class=\"wp-block-columns is-layout-flex wp-container-core-columns-is-layout-9d6595d7 wp-block-columns-is-layout-flex\">\n<div class=\"wp-block-column is-layout-flow wp-block-column-is-layout-flow\">\n<h1 class=\"wp-block-heading\">Devino partener<\/h1>\n\n\n\n<p>Gestiona\u021bi un cinematograf de patrimoniu \u00een Europa \u0219i a\u021bi vrea ca cinematograful s\u0103 fie inclus \u00een re\u021beaua Heritage Cinemas?<\/p>\n\n\n\n<p>Dac\u0103 cinematograful dvs. se \u00eencadreaz\u0103 \u00een criteriile de trimitere, completa\u021bi formularul \u0219i v\u0103 vom contacta s\u0103 v\u0103 includem pe platforma noastr\u0103.<\/p>\n\n\n\n<div class=\"wp-block-buttons is-layout-flex wp-block-buttons-is-layout-flex\">\n<div class=\"wp-block-button is-style-outline is-style-outline--1\"><a class=\"wp-block-button__link wp-element-button\" href=\"https:\/\/form.jotform.com\/231000908071038\" style=\"border-radius:0px\">\u00cenregistreaz\u0103 cinematograful<\/a><\/div>\n<\/div>\n<\/div>\n\n\n\n<div class=\"wp-block-column is-layout-flow wp-block-column-is-layout-flow\">\n<h2 class=\"wp-block-heading\">Criteriile de trimitere<\/h2>\n\n\n\n<ul class=\"wp-block-list\">\n<li>Cinematograful func\u021bioneaz\u0103 \u00eentr-o cl\u0103dire\/spa\u021biu construit(\u0103) cu mai mult de 70 de ani \u00een urm\u0103<\/li>\n\n\n\n<li>Cinematograful func\u021bioneaz\u0103 la momentul de fa\u021b\u0103 ca cinematograf de art\u0103<\/li>\n\n\n\n<li>A operat, \u00een trecut, \u00een mod predominant ca cinematograf (de\u0219i perioadele \u00een care spa\u021biul a fost refolosit sunt \u00een regul\u0103 at\u00e2ta timp c\u00e2t nu sunt definitorii pentru istoria cinematografului dvs.);<\/li>\n\n\n\n<li>Chiar dac\u0103 spa\u021biul a fost remodelat, decorul \u0219i\/sau arhitectura original\u0103 a fost men\u021binut\u0103.<\/li>\n<\/ul>\n<\/div>\n<\/div>\n\n\n\n<p><\/p>\n","protected":false},"excerpt":{"rendered":"<p>Devino partener Gestiona\u021bi un cinematograf de patrimoniu \u00een Europa \u0219i a\u021bi vrea ca cinematograful s\u0103 fie inclus \u00een re\u021beaua Heritage Cinemas? Dac\u0103 cinematograful dvs. se \u00eencadreaz\u0103 \u00een criteriile de trimitere, completa\u021bi formularul \u0219i v\u0103 vom contacta s\u0103 v\u0103 includem pe platforma noastr\u0103. Criteriile de trimitere<\/p>\n","protected":false},"author":1,"featured_media":0,"parent":0,"menu_order":0,"comment_status":"closed","ping_status":"closed","template":"page-templates\/template-become-a-partner.php","meta":{"inline_featured_image":false,"footnotes":""},"class_list":["post-174","page","type-page","status-publish","hentry"],"acf":[],"_links":{"self":[{"href":"https:\/\/heritagecinemas.eu\/ro\/wp-json\/wp\/v2\/pages\/174","targetHints":{"allow":["GET"]}}],"collection":[{"href":"https:\/\/heritagecinemas.eu\/ro\/wp-json\/wp\/v2\/pages"}],"about":[{"href":"https:\/\/heritagecinemas.eu\/ro\/wp-json\/wp\/v2\/types\/page"}],"author":[{"embeddable":true,"href":"https:\/\/heritagecinemas.eu\/ro\/wp-json\/wp\/v2\/users\/1"}],"replies":[{"embeddable":true,"href":"https:\/\/heritagecinemas.eu\/ro\/wp-json\/wp\/v2\/comments?post=174"}],"version-history":[{"count":0,"href":"https:\/\/heritagecinemas.eu\/ro\/wp-json\/wp\/v2\/pages\/174\/revisions"}],"wp:attachment":[{"href":"https:\/\/heritagecinemas.eu\/ro\/wp-json\/wp\/v2\/media?parent=174"}],"curies":[{"name":"wp","href":"https:\/\/api.w.org\/{rel}","templated":true}]}}